{"id":77,"date":"2020-05-07T19:11:11","date_gmt":"2020-05-07T12:11:11","guid":{"rendered":"https:\/\/basicjewelry.co.th\/de\/?page_id=77"},"modified":"2020-07-14T19:14:32","modified_gmt":"2020-07-14T12:14:32","slug":"terms-and-conditions","status":"publish","type":"page","link":"https:\/\/basicjewelry.co.th\/de\/terms-and-conditions\/","title":{"rendered":"Bedingungen"},"content":{"rendered":"\t<div id=\"gap-508954413\" class=\"gap-element clearfix\" style=\"display:block; height:auto;\">\n\t\t\n<style>\n#gap-508954413 {\n  padding-top: 30px;\n}\n<\/style>\n\t<\/div>\n\t\n<div class=\"row align-equal\"  id=\"row-2082279860\">\n\n\t<div id=\"col-1822257666\" class=\"col hide-for-small small-12 large-12\"  >\n\t\t\t\t<div class=\"col-inner\"  >\n\t\t\t\n\t\t\t\n<div class=\"container section-title-container\" ><h3 class=\"section-title section-title-bold\"><b><\/b><span class=\"section-title-main\" style=\"font-size:150%;\">Allgemeine Liefer- und Zahlungsbedingungen<\/span><b><\/b><\/h3><\/div>\n\t\t<\/div>\n\t\t\t\t\n<style>\n#col-1822257666 > .col-inner {\n  margin: 0px 0px -30px 0px;\n}\n<\/style>\n\t<\/div>\n\n\t\n\n\t<div id=\"col-32137621\" class=\"col show-for-small small-12 large-12\"  >\n\t\t\t\t<div class=\"col-inner text-center\"  >\n\t\t\t\n\t\t\t\n<h3><span style=\"font-size: 150%;\">Allgemeine Liefer- und Zahlungsbedingungen<\/span><\/h3>\n\t\t<\/div>\n\t\t\t\t\t<\/div>\n\n\t\n\n\t<div id=\"col-471845915\" class=\"col medium-3 small-12 large-3\"  >\n\t\t\t\t<div class=\"col-inner text-center box-shadow-2\"  >\n\t\t\t\n\t\t\t\n<a class=\"button secondary is-larger lowercase expand\"  >\n    <span>Basic Jewelry<\/span>\n  <\/a>\n\n<p>Kollektion<\/p>\n\t\t<\/div>\n\t\t\t\t\t<\/div>\n\n\t\n\n\t<div id=\"col-1322017739\" class=\"col medium-5 small-12 large-5\"  >\n\t\t\t\t<div class=\"col-inner text-center box-shadow-2\"  >\n\t\t\t\n\t\t\t\n<a class=\"button secondary is-larger lowercase expand\"  >\n    <span>Mindestens 20 St\u00fccke<\/span>\n  <\/a>\n\n<p>Auswahl: 2 Plattierenfarben\/ 2 Edelsteinfarben<\/p>\n<p>*Die gezeigte Preise sind FOB Preise<\/p>\n\t\t<\/div>\n\t\t\t\t\t<\/div>\n\n\t\n\n\t<div id=\"col-1628892931\" class=\"col small-12 large-12\"  >\n\t\t\t\t<div class=\"col-inner\"  >\n\t\t\t\n\t\t\t\n<h3>Liefer- und Zahlungsbedingungen<\/h3>\n<p>Mindestens 20 St\u00fccke pro ein Design (Auswahl: 2 Plattierenfarben\/ 2 Edelsteinfarben)<\/p>\n<h3>Zahlungsbedingung<\/h3>\n<ul>\n<li>30% Einzahlung vor der Produktion<\/li>\n<li>70% Abgleich vor der Lieferung<\/li>\n<\/ul>\n<h3>Produktionszeit<\/h3>\n<ul>\n<li>6-8 Wochen nach Erhalt der Einzahlung<\/li>\n<\/ul>\n<h3>Abschlussgeb\u00fchr<\/h3>\n<ul>\n<li>Der gesamte Betrag muss wie gezeigt auf der Pro-forma-Rechnung bezahlt werden. Kunden sind verantwortlich f\u00fcr alle Bearbeitungsgeb\u00fchr.<\/li>\n<\/ul>\n<h3>Versicherungsgeb\u00fchr<\/h3>\n<ul>\n<li>CIF-Preise je Bestellung, die die Lieferung, Versicherung, und irgendeine der Bearbeitungskosten decken.<\/li>\n<\/ul>\n<h3>Lieferungsinformationen<\/h3>\n<ul>\n<li>Die Lieferungskosten werden gerechnet, sobald die Bestellung bereit zum Liefern ist, welches von der gesamten Wiege abh\u00e4ngt. Die Frachtkosten werden zur Abschlussrechnung abgerechnet.<\/li>\n<li>Die Produkte k\u00f6nnen durch viele Logistikunternehmen geliefert werden, z.B. FedEx, UPS oder andere Unternehmen, die unsere Kunden bevorzugen.<\/li>\n<li>Teilen Sie uns bitte mit, wenn Sie Ihr eigenes Frachtf\u00fchrerskonto benutzen wollen.<\/li>\n<li>W\u00fcrden zus\u00e4tzliche Unterlagen von Thailand gebraucht, sagen Sie uns bitte Bescheid im Voraus.<\/li>\n<\/ul>\n\t\t<\/div>\n\t\t\t\t\t<\/div>\n\n\t\n<\/div>\n<div class=\"row align-equal\"  id=\"row-1094298705\">\n\n\t<div id=\"col-1766467138\" class=\"col small-12 large-12\"  >\n\t\t\t\t<div class=\"col-inner\"  >\n\t\t\t\n\t\t\t\n<div class=\"container section-title-container hide-for-small\" ><h3 class=\"section-title section-title-bold\"><b><\/b><span class=\"section-title-main\" style=\"font-size:150%;\">Custom designs<\/span><b><\/b><\/h3><\/div>\n<div class=\"container section-title-container show-for-small\" ><h3 class=\"section-title section-title-bold-center\"><b><\/b><span class=\"section-title-main\" style=\"font-size:150%;\">Custom designs<\/span><b><\/b><\/h3><\/div>\n<p>Ihre eigene Schmucksammlung zu erstellen ist so einfach wie nie zuvor. Schicken Sie uns einfach Ihre Idee mit Entwurf, Moodboard, Instagram-Beitrag oder Ihre Inspiration. Unser erfahrenes leidenschaftliches Team geht auf Ihre individuellen Anforderungen \u2013 auch die Verbesserung f\u00fcr Design, um die Nachfrage auf dem Markt zu befriedigen und Ihre \u00e4sthetische Anforderungen Ihrer Marke zu erf\u00fcllen.<\/p>\n\t\t<\/div>\n\t\t\t\t\n<style>\n#col-1766467138 > .col-inner {\n  margin: 0px 0px -30px 0px;\n}\n<\/style>\n\t<\/div>\n\n\t\n\n\t<div id=\"col-432764601\" class=\"col medium-3 small-12 large-3\"  >\n\t\t\t\t<div class=\"col-inner text-center box-shadow-2\"  >\n\t\t\t\n\t\t\t\n<a class=\"button secondary is-larger lowercase expand\"  >\n    <span>Custom designs<\/span>\n  <\/a>\n\n<p>Design von Kunden<\/p>\n\t\t<\/div>\n\t\t\t\t\t<\/div>\n\n\t\n\n\t<div id=\"col-605177913\" class=\"col medium-5 small-12 large-5\"  >\n\t\t\t\t<div class=\"col-inner text-center box-shadow-2\"  >\n\t\t\t\n\t\t\t\n<a class=\"button secondary is-larger lowercase expand\"  >\n    <span>Mindestens 50 St\u00fccke<\/span>\n  <\/a>\n\n<p>Auswahl: 3 Plattierenfarben\/ 3 Edelsteinfarben<\/p>\n<p>*Die gezeigte Preise sind FOB Preise<\/p>\n\t\t<\/div>\n\t\t\t\t\t<\/div>\n\n\t\n\n\t<div id=\"col-215508319\" class=\"col small-12 large-12\"  >\n\t\t\t\t<div class=\"col-inner\"  >\n\t\t\t\n\t\t\t\n<h3>Bestellungsbedingung<\/h3>\n<ul>\n<li>Mindestens 50 St\u00fccke je Bestellung f\u00fcr custom designs<\/li>\n<\/ul>\n<h3>Professionelle Skizze und CAD<\/h3>\n<ul>\n<li>Ihre Idee wird kostenlos zu einer professionellen Skizze realisiert. <br \/>Unser Team ist bereit, mit Ihnen f\u00fcr Design zusammenzuarbeiten, damit Ihre Produkte einzigartig realisiert werden k\u00f6nnen.<\/li>\n<li>Wir empfehlen Ihnen L\u00f6sungen und bieten Ihnen Auswahlen f\u00fcr neue verf\u00fcgbare Materialien auf dem Markt. Gleichzeitig gestalten wir die Produkte, die die Funktionalit\u00e4t und den Zielpreis \u00fcbereinstimmen.<\/li>\n<li>CAD Sketch ist auch kostenlos (Mit Zusatzgeb\u00fchr, wenn die \u00dcberarbeitung 2 Mal \u00fcbertrifft) die 3. \u00dcberbearbeitet kostet 50$\/Mal f\u00fcr Kosten, Arbeitsstunde, und Sonstiges, was Anforderung f\u00fcr die \u00dcberarbeitung einbezieht.<\/li>\n<\/ul>\n<h3>Geb\u00fchr der Mutterform\u00a0<\/h3>\n<ul>\n<li>Die Geb\u00fchr der Mutterform beinhaltet Wachs\/ Harzdruckerei, Silikonkautschuk und Lasergravieren.<\/li>\n<li>Die Mutterform ist kostenlos. Sobald Ihre Bestellung \u00fcber 100 St\u00fccke ist, ist die Geb\u00fchr der Mutterform von Ihrer ersten Bestellung abgerechnet.<\/li>\n<li>Die Geb\u00fchr der Mutterform ist ab 100$ (h\u00e4ngt von der Designsammlung ab).<\/li>\n<li>Jegliche best\u00e4tigte Modifikation oder Ver\u00e4nderung der Mutterform gilt als eine andere Mutterform mit Zusatzgeb\u00fchr.<\/li>\n<\/ul>\n<h3>Probest\u00fcck<\/h3>\n<ul>\n<li>Kunden werden mitgeteilt, sobald das Probest\u00fcck bereit ist. Wenn Kunden das Probest\u00fcck in der Wirklichkeit ansehen m\u00f6chten, um die Qualit\u00e4t des Schmucks vor der gro\u00dfen Bestellung zu pr\u00fcfen, kann Basic Jewelry den Kunden das Probest\u00fcck mit Zusatzgeb\u00fchr per Post absenden.<\/li>\n<\/ul>\n<h3>Datenschutzerkl\u00e4rung der Kunden\u00a0<\/h3>\n<ul>\n<li>Das Eigentumsrecht des Designs, Probest\u00fccks, und der Form gilt als geistiges Eigentum f\u00fcr die Kunden. Die sogenannten bestellten Produkte werden f\u00fcr Sie angefertigt, sobald die Geb\u00fchr der Mutterform gezahlt wird.<\/li>\n<li>Basic Jewelry ist nicht verantwortlich f\u00fcr jegliches Immaterialg\u00fcterrecht, das bezogen auf dritte Person ist. Kunden sind einverstanden und akzeptieren, dass die Designs nicht kopiert worden ist oder gegen das Immaterialg\u00fcterrecht der dritten Person versto\u00dfen. <\/li>\n<\/ul>\n\t\t<\/div>\n\t\t\t\t\t<\/div>\n\n\t\n<\/div>\n<div class=\"row align-equal\"  id=\"row-667487981\">\n\n\t<div id=\"col-911774415\" class=\"col small-12 large-12\"  >\n\t\t\t\t<div class=\"col-inner\"  >\n\t\t\t\n\t\t\t\n<div class=\"container section-title-container hide-for-small\" ><h3 class=\"section-title section-title-bold\"><b><\/b><span class=\"section-title-main\" style=\"font-size:150%;\">Exklusivit\u00e4tsvereinbarung<\/span><b><\/b><\/h3><\/div>\n<div class=\"container section-title-container show-for-small\" ><h3 class=\"section-title section-title-bold-center\"><b><\/b><span class=\"section-title-main\" style=\"font-size:150%;\">Exclusivity Contract:<\/span><b><\/b><\/h3><\/div>\n<ul>\n<li>Auch bieten wir die Ausschlie\u00dflichkeit f\u00fcr spezifisches Design innerhalb Ihres Landes. Die Vereinbarung muss j\u00e4hrlich erneut werden.<\/li>\n<li>Folgende sind die Voraussetzung f\u00fcr die Exklusivit\u00e4t <\/li>\n<\/ul>\n\t\t<\/div>\n\t\t\t\t\n<style>\n#col-911774415 > .col-inner {\n  margin: 0px 0px -30px 0px;\n}\n<\/style>\n\t<\/div>\n\n\t\n\n\t<div id=\"col-539580654\" class=\"col medium-3 small-12 large-3\"  >\n\t\t\t\t<div class=\"col-inner text-center box-shadow-2\"  >\n\t\t\t\n\t\t\t\n<a class=\"button secondary is-larger lowercase expand\"  >\n    <span>Erste Bestellung<\/span>\n  <\/a>\n\n<h3>Gesamtjahr<\/h3>\n\t\t<\/div>\n\t\t\t\t\t<\/div>\n\n\t\n\n\t<div id=\"col-1084468472\" class=\"col medium-5 small-12 large-5\"  >\n\t\t\t\t<div class=\"col-inner text-center box-shadow-2\"  >\n\t\t\t\n\t\t\t\n<a class=\"button secondary is-larger lowercase expand\"  >\n    <span>Mindestens 100 St\u00fccke<\/span>\n  <\/a>\n\n<p>Kumulierte Zahlen der bestellten St\u00fccke mit verschiedenen Bestellungen sind akzeptierbar.<\/p>\n<p>Insgesamt muss es =\/&gt; 200 St\u00fccke in einem Jahr erreichen.<\/p>\n\t\t<\/div>\n\t\t\t\t\t<\/div>\n\n\t\n\n\t<div id=\"col-1177840869\" class=\"col small-12 large-12\"  >\n\t\t\t\t<div class=\"col-inner\"  >\n\t\t\t\n\t\t\t\n<ul>\n<li>Besteht keine Einigkeit \u00fcber die Angemessenheit der Bedingung, wird die Exklusivit\u00e4tsvereinbarung unwirksam.<\/li>\n<\/ul>\n\t\t<\/div>\n\t\t\t\t\t<\/div>\n\n\t\n<\/div>\n","protected":false},"excerpt":{"rendered":"","protected":false},"author":1,"featured_media":0,"parent":0,"menu_order":2,"comment_status":"closed","ping_status":"closed","template":"page-blank.php","meta":{"footnotes":""},"yoast_head":"<!-- This site is optimized with the Yoast SEO plugin v21.2 - https:\/\/yoast.com\/wordpress\/plugins\/seo\/ -->\n<title>Bedingungen - silver jewellery manufacturer<\/title>\n<meta name=\"robots\" content=\"noindex, follow\" \/>\n<meta property=\"og:locale\" content=\"th_TH\" \/>\n<meta property=\"og:type\" content=\"article\" \/>\n<meta property=\"og:title\" content=\"Bedingungen - silver jewellery manufacturer\" \/>\n<meta property=\"og:url\" content=\"https:\/\/basicjewelry.co.th\/de\/terms-and-conditions\/\" \/>\n<meta property=\"og:site_name\" content=\"silver jewellery manufacturer\" \/>\n<meta property=\"article:modified_time\" content=\"2020-07-14T12:14:32+00:00\" \/>\n<meta name=\"twitter:card\" content=\"summary_large_image\" \/>\n<meta name=\"twitter:label1\" content=\"Est. reading time\" \/>\n\t<meta name=\"twitter:data1\" content=\"4 \u0e19\u0e32\u0e17\u0e35\" \/>\n<script type=\"application\/ld+json\" class=\"yoast-schema-graph\">{\"@context\":\"https:\/\/schema.org\",\"@graph\":[{\"@type\":\"WebPage\",\"@id\":\"https:\/\/basicjewelry.co.th\/de\/terms-and-conditions\/\",\"url\":\"https:\/\/basicjewelry.co.th\/de\/terms-and-conditions\/\",\"name\":\"Bedingungen - silver jewellery manufacturer\",\"isPartOf\":{\"@id\":\"https:\/\/basicjewelry.co.th\/de\/#website\"},\"datePublished\":\"2020-05-07T12:11:11+00:00\",\"dateModified\":\"2020-07-14T12:14:32+00:00\",\"breadcrumb\":{\"@id\":\"https:\/\/basicjewelry.co.th\/de\/terms-and-conditions\/#breadcrumb\"},\"inLanguage\":\"th\",\"potentialAction\":[{\"@type\":\"ReadAction\",\"target\":[\"https:\/\/basicjewelry.co.th\/de\/terms-and-conditions\/\"]}]},{\"@type\":\"BreadcrumbList\",\"@id\":\"https:\/\/basicjewelry.co.th\/de\/terms-and-conditions\/#breadcrumb\",\"itemListElement\":[{\"@type\":\"ListItem\",\"position\":1,\"name\":\"Home\",\"item\":\"https:\/\/basicjewelry.co.th\/de\/\"},{\"@type\":\"ListItem\",\"position\":2,\"name\":\"Bedingungen\"}]},{\"@type\":\"WebSite\",\"@id\":\"https:\/\/basicjewelry.co.th\/de\/#website\",\"url\":\"https:\/\/basicjewelry.co.th\/de\/\",\"name\":\"silver jewellery manufacturer\",\"description\":\"high qualified wholesale exporter\",\"potentialAction\":[{\"@type\":\"SearchAction\",\"target\":{\"@type\":\"EntryPoint\",\"urlTemplate\":\"https:\/\/basicjewelry.co.th\/de\/?s={search_term_string}\"},\"query-input\":\"required name=search_term_string\"}],\"inLanguage\":\"th\"}]}<\/script>\n<!-- \/ Yoast SEO plugin. -->","yoast_head_json":{"title":"Bedingungen - silver jewellery manufacturer","robots":{"index":"noindex","follow":"follow"},"og_locale":"th_TH","og_type":"article","og_title":"Bedingungen - silver jewellery manufacturer","og_url":"https:\/\/basicjewelry.co.th\/de\/terms-and-conditions\/","og_site_name":"silver jewellery manufacturer","article_modified_time":"2020-07-14T12:14:32+00:00","twitter_card":"summary_large_image","twitter_misc":{"Est. reading time":"4 \u0e19\u0e32\u0e17\u0e35"},"schema":{"@context":"https:\/\/schema.org","@graph":[{"@type":"WebPage","@id":"https:\/\/basicjewelry.co.th\/de\/terms-and-conditions\/","url":"https:\/\/basicjewelry.co.th\/de\/terms-and-conditions\/","name":"Bedingungen - silver jewellery manufacturer","isPartOf":{"@id":"https:\/\/basicjewelry.co.th\/de\/#website"},"datePublished":"2020-05-07T12:11:11+00:00","dateModified":"2020-07-14T12:14:32+00:00","breadcrumb":{"@id":"https:\/\/basicjewelry.co.th\/de\/terms-and-conditions\/#breadcrumb"},"inLanguage":"th","potentialAction":[{"@type":"ReadAction","target":["https:\/\/basicjewelry.co.th\/de\/terms-and-conditions\/"]}]},{"@type":"BreadcrumbList","@id":"https:\/\/basicjewelry.co.th\/de\/terms-and-conditions\/#breadcrumb","itemListElement":[{"@type":"ListItem","position":1,"name":"Home","item":"https:\/\/basicjewelry.co.th\/de\/"},{"@type":"ListItem","position":2,"name":"Bedingungen"}]},{"@type":"WebSite","@id":"https:\/\/basicjewelry.co.th\/de\/#website","url":"https:\/\/basicjewelry.co.th\/de\/","name":"silver jewellery manufacturer","description":"high qualified wholesale exporter","potentialAction":[{"@type":"SearchAction","target":{"@type":"EntryPoint","urlTemplate":"https:\/\/basicjewelry.co.th\/de\/?s={search_term_string}"},"query-input":"required name=search_term_string"}],"inLanguage":"th"}]}},"_links":{"self":[{"href":"https:\/\/basicjewelry.co.th\/de\/wp-json\/wp\/v2\/pages\/77"}],"collection":[{"href":"https:\/\/basicjewelry.co.th\/de\/wp-json\/wp\/v2\/pages"}],"about":[{"href":"https:\/\/basicjewelry.co.th\/de\/wp-json\/wp\/v2\/types\/page"}],"author":[{"embeddable":true,"href":"https:\/\/basicjewelry.co.th\/de\/wp-json\/wp\/v2\/users\/1"}],"replies":[{"embeddable":true,"href":"https:\/\/basicjewelry.co.th\/de\/wp-json\/wp\/v2\/comments?post=77"}],"version-history":[{"count":36,"href":"https:\/\/basicjewelry.co.th\/de\/wp-json\/wp\/v2\/pages\/77\/revisions"}],"predecessor-version":[{"id":1215,"href":"https:\/\/basicjewelry.co.th\/de\/wp-json\/wp\/v2\/pages\/77\/revisions\/1215"}],"wp:attachment":[{"href":"https:\/\/basicjewelry.co.th\/de\/wp-json\/wp\/v2\/media?parent=77"}],"curies":[{"name":"wp","href":"https:\/\/api.w.org\/{rel}","templated":true}]}}